{"id":27399,"date":"2019-05-07T09:21:43","date_gmt":"2019-05-07T09:21:43","guid":{"rendered":"https:\/\/www.wohngroup.de\/heinrichsquartier\/?page_id=27399"},"modified":"2021-01-28T16:21:34","modified_gmt":"2021-01-28T16:21:34","slug":"hochwasserschutz","status":"publish","type":"page","link":"https:\/\/www.wohngroup.de\/heinrichsquartier\/hochwasserschutz\/","title":{"rendered":"Hochwasserschutz"},"content":{"rendered":"<section class=\"wpb-content-wrapper\"><p>[vc_row bg_check=&#8220;row-background-dark&#8220; dfd_bg_style=&#8220;image&#8220; dfd_parallax_style=&#8220;dfd_vertical_parallax&#8220; dfd_bg_image_repeat=&#8220;no-repeat&#8220; dfd_bg_image_size=&#8220;initial&#8220; dfd_parallax_sense=&#8220;55&#8243;][vc_column dfd_column_responsive_enable=&#8220;dfd-column-responsive-enable&#8220; col_shadow=&#8220;box_shadow_enable:disable|shadow_horizontal:0|shadow_vertical:15|shadow_blur:50|shadow_spread:0|box_shadow_color:rgba(0%2C0%2C0%2C0.35)&#8220; col_shadow_hover=&#8220;box_shadow_enable:disable|shadow_horizontal:0|shadow_vertical:15|shadow_blur:50|shadow_spread:0|box_shadow_color:rgba(0%2C0%2C0%2C0.35)&#8220; responsive_styles=&#8220;padding_left_mobile:20|padding_right_mobile:20&#8243;][rev_slider_vc alias=&#8220;lage-2&#8243;][\/vc_column][\/vc_row][vc_row dfd_bg_style=&#8220;animated&#8220; dfd_row_responsive_enable=&#8220;dfd-row-responsive-enable&#8220; responsive_styles=&#8220;padding_left_desktop:10|padding_right_desktop:10|padding_left_tablet:10|padding_right_tablet:10&#8243; dfd_bg_colors=&#8220;%5B%7B%22dfd_bg_single_color%22%3A%22%23ffffff%22%7D%5D&#8220; css=&#8220;.vc_custom_1497509596272{padding-bottom: 2% !important;}&#8220;][vc_column width=&#8220;1\/3&#8243; mobile_column_bg_position=&#8220;Links Unten&#8220; dfd_column_responsive_enable=&#8220;dfd-column-responsive-enable&#8220; css=&#8220;.vc_custom_1493408801687{margin-top: -60px !important;}&#8220; col_shadow=&#8220;box_shadow_enable:disable|shadow_horizontal:0|shadow_vertical:15|shadow_blur:50|shadow_spread:0|box_shadow_color:rgba(0%2C0%2C0%2C0.35)&#8220; col_shadow_hover=&#8220;box_shadow_enable:disable|shadow_horizontal:0|shadow_vertical:15|shadow_blur:50|shadow_spread:0|box_shadow_color:rgba(0%2C0%2C0%2C0.35)&#8220; responsive_styles=&#8220;margin_top_tablet:-40|margin_top_mobile:-40|padding_left_mobile:20|padding_right_mobile:20&#8243;][dfd_simple_advertisement img_width=&#8220;380&#8243; img_height=&#8220;600&#8243; title=&#8220;&#8220; subtitle=&#8220;&#8220; info=&#8220;&#8220; shadow=&#8220;permanent&#8220; sa_box_shadow=&#8220;box_shadow_enable:enable|shadow_horizontal:0|shadow_vertical:50|shadow_blur:100|shadow_spread:0|box_shadow_color:rgba(85%2C85%2C85%2C0.8)&#8220; image_effect=&#8220;panr&#8220; portfolio_hover_mask_background_opacity=&#8220;0&#8243; custom_fonts_title=&#8220;font_family:Roboto%20Condensed%3A300%2C300italic%2Cregular%2Citalic%2C700%2C700italic|font_style:700%20bold%20regular%3A700%3Anormal&#8220; custom_fonts_info=&#8220;font_family:Roboto%20Condensed%3A300%2C300italic%2Cregular%2Citalic%2C700%2C700italic|font_style:400%20regular%3A400%3Anormal&#8220; title_font_options=&#8220;tag:h4|font_size:26|color:%23ffffff|letter_spacing:0&#8243; subtitle_font_options=&#8220;tag:div|font_size:18|color:%23ffffff|letter_spacing:0&#8243; info_font_options=&#8220;tag:div|font_size:14|color:%23ffffff&#8220; image=&#8220;22119&#8243; portfolio_hover_enable=&#8220;on&#8220; portfolio_hover_mask_background=&#8220;rgba(255,255,255,0.01)&#8220; title_responsive=&#8220;font_size_desktop:36|line_height_desktop:36|font_size_tablet:32|line_height_tablet:32|font_size_mobile:34|line_height_mobile:34&#8243; use_google_fonts_subtitle=&#8220;show&#8220; custom_fonts_subtitle=&#8220;font_family:Roboto%20Condensed%3A300%2C300italic%2Cregular%2Citalic%2C700%2C700italic|font_style:700%20bold%20regular%3A700%3Anormal&#8220; use_google_fonts_title=&#8220;show&#8220;][dfd_spacer units=&#8220;%&#8220; screen_wide_spacer_size=&#8220;20&#8243; screen_normal_resolution=&#8220;1280&#8243; screen_tablet_resolution=&#8220;1024&#8243; screen_mobile_resolution=&#8220;800&#8243; screen_mobile_spacer_size=&#8220;10&#8243; screen_normal_spacer_size=&#8220;15&#8243; screen_tablet_spacer_size=&#8220;15&#8243;][dfd_simple_advertisement img_width=&#8220;380&#8243; img_height=&#8220;285&#8243; title=&#8220;&#8220; subtitle=&#8220;&#8220; info=&#8220;&#8220; shadow=&#8220;permanent&#8220; sa_box_shadow=&#8220;box_shadow_enable:enable|shadow_horizontal:0|shadow_vertical:50|shadow_blur:100|shadow_spread:0|box_shadow_color:rgba(85%2C85%2C85%2C0.8)&#8220; image_effect=&#8220;panr&#8220; portfolio_hover_mask_background_opacity=&#8220;0&#8243; custom_fonts_title=&#8220;font_family:Roboto%20Condensed%3A300%2C300italic%2Cregular%2Citalic%2C700%2C700italic|font_style:700%20bold%20regular%3A700%3Anormal&#8220; custom_fonts_info=&#8220;font_family:Roboto%20Condensed%3A300%2C300italic%2Cregular%2Citalic%2C700%2C700italic|font_style:400%20regular%3A400%3Anormal&#8220; title_font_options=&#8220;tag:h4|font_size:26|color:%23ffffff|letter_spacing:0&#8243; subtitle_font_options=&#8220;tag:div|font_size:18|color:%23ffffff|letter_spacing:0&#8243; info_font_options=&#8220;tag:div|font_size:14|color:%23ffffff&#8220; image=&#8220;21969&#8243; portfolio_hover_enable=&#8220;on&#8220; portfolio_hover_mask_background=&#8220;rgba(255,255,255,0.01)&#8220; title_responsive=&#8220;font_size_desktop:36|line_height_desktop:36|font_size_tablet:32|line_height_tablet:32|font_size_mobile:34|line_height_mobile:34&#8243; use_google_fonts_subtitle=&#8220;show&#8220; custom_fonts_subtitle=&#8220;font_family:Roboto%20Condensed%3A300%2C300italic%2Cregular%2Citalic%2C700%2C700italic|font_style:700%20bold%20regular%3A700%3Anormal&#8220; use_google_fonts_title=&#8220;show&#8220;][dfd_spacer screen_wide_spacer_size=&#8220;&#8220; screen_normal_resolution=&#8220;1280&#8243; screen_tablet_resolution=&#8220;1024&#8243; screen_mobile_resolution=&#8220;800&#8243; screen_mobile_spacer_size=&#8220;60&#8243;][\/vc_column][vc_column width=&#8220;2\/3&#8243; dfd_column_responsive_enable=&#8220;dfd-column-responsive-enable&#8220; css=&#8220;.vc_custom_1493488110204{margin-top: 5% !important;padding-right: 5% !important;padding-left: 5% !important;}&#8220; col_shadow=&#8220;box_shadow_enable:disable|shadow_horizontal:0|shadow_vertical:15|shadow_blur:50|shadow_spread:0|box_shadow_color:rgba(0%2C0%2C0%2C0.35)&#8220; col_shadow_hover=&#8220;box_shadow_enable:disable|shadow_horizontal:0|shadow_vertical:15|shadow_blur:50|shadow_spread:0|box_shadow_color:rgba(0%2C0%2C0%2C0.35)&#8220; responsive_styles=&#8220;margin_top_tablet:-40|margin_top_mobile:0|padding_left_mobile:20|padding_right_mobile:20&#8243;][dfd_spacer screen_wide_spacer_size=&#8220;&#8220; screen_normal_resolution=&#8220;1280&#8243; screen_tablet_resolution=&#8220;1024&#8243; screen_mobile_resolution=&#8220;800&#8243; screen_mobile_spacer_size=&#8220;60&#8243;][vc_column_text]<\/p>\n<h2>Zuhause an den Ufern der Wei\u00dfer Elster<\/h2>\n<p>[\/vc_column_text][dfd_spacer units=&#8220;%&#8220; screen_wide_spacer_size=&#8220;5&#8243; screen_normal_resolution=&#8220;1280&#8243; screen_tablet_resolution=&#8220;1024&#8243; screen_mobile_resolution=&#8220;800&#8243; screen_mobile_spacer_size=&#8220;6&#8243; screen_normal_spacer_size=&#8220;5&#8243; screen_tablet_spacer_size=&#8220;5&#8243;][vc_column_text]<strong>Hochwasserschutz in der Tschaikowskistra\u00dfe<\/strong><\/p>\n<p>Der Schutz der Stadt Gera vor Hochwasser ist Teil des Landesprogramms Hochwasserschutz 2016 bis 2021, das durch die Umweltministerin, Anja Siegesmund, im M\u00e4rz 2016 vorgestellt wurde. Die gegenw\u00e4rtige Ma\u00dfnahme betrifft den Hochwasserschutz linksseitig der Wei\u00dfen Elster. Auf einer L\u00e4nge von 650 Metern wurde entlang der Tschaikowskistra\u00dfe eine Hochwasserschutzwand aus Stahlbeton errichtet. Die Mauer wurde auf Spundw\u00e4nden gegr\u00fcndet. Zur Unterbindung des R\u00fcckstaus aus der Wei\u00dfen Elster werden zus\u00e4tzlich in der Bachstra\u00dfe und am Faulenzerweg Gel\u00e4ndeanhebungen vorgenommen, so dass der Ortsteil Heinrichsgr\u00fcn ab sofort vollst\u00e4ndig gesch\u00fctzt ist.<\/p>\n<p>Die Mauer ist 90 cm hoch. Durch den Einsatz von Strukturmatrizen und die vorgesehene Einf\u00e4rbung des Betons wurde der Charakter des Wohngebietes aufgenommen.<\/p>\n<p>Die Arbeiten in der Tschaikowskistra\u00dfe sind abgeschlossen.<\/p>\n<p>\u201eDie Hochwasserschutzwand dient vor allem dazu, die Menschen in Heinrichsgr\u00fcn zu sch\u00fctzen. Ich hoffe sehr, dass sie sich nach Ende der Bauarbeiten wieder uneingeschr\u00e4nkt wohlf\u00fchlen in Ihrem Zuhause, ohne Angst haben zu m\u00fcssen, wieder vom Wasser \u00fcberrascht zu werden.&#8220;<\/p>\n<p><em>Quelle: https:\/\/www.gera.de\/sixcms\/detail.php?id=213655<\/em>[\/vc_column_text][\/vc_column][\/vc_row]<\/p>\n<\/section>","protected":false},"excerpt":{"rendered":"<p>[vc_row bg_check=&#8220;row-background-dark&#8220; dfd_bg_style=&#8220;image&#8220; dfd_parallax_style=&#8220;dfd_vertical_parallax&#8220; dfd_bg_image_repeat=&#8220;no-repeat&#8220; dfd_bg_image_size=&#8220;initial&#8220; dfd_parallax_sense=&#8220;55&#8243;][vc_column dfd_column_responsive_enable=&#8220;dfd-column-responsive-enable&#8220; col_shadow=&#8220;box_shadow_enable:disable|shadow_horizontal:0|shadow_vertical:15|shadow_blur:50|shadow_spread:0|box_shadow_color:rgba(0%2C0%2C0%2C0.35)&#8220; col_shadow_hover=&#8220;box_shadow_enable:disable|shadow_horizontal:0|shadow_vertical:15|shadow_blur:50|shadow_spread:0|box_shadow_color:rgba(0%2C0%2C0%2C0.35)&#8220; responsive_styles=&#8220;padding_left_mobile:20|padding_right_mobile:20&#8243;][rev_slider_vc alias=&#8220;lage-2&#8243;][\/vc_column][\/vc_row][vc_row dfd_bg_style=&#8220;animated&#8220; dfd_row_responsive_enable=&#8220;dfd-row-responsive-enable&#8220; responsive_styles=&#8220;padding_left_desktop:10|padding_right_desktop:10|padding_left_tablet:10|padding_right_tablet:10&#8243; dfd_bg_colors=&#8220;%5B%7B%22dfd_bg_single_color%22%3A%22%23ffffff%22%7D%5D&#8220; css=&#8220;.vc_custom_1497509596272{padding-bottom: 2% !important;}&#8220;][vc_column width=&#8220;1\/3&#8243; mobile_column_bg_position=&#8220;Links Unten&#8220; dfd_column_responsive_enable=&#8220;dfd-column-responsive-enable&#8220; css=&#8220;.vc_custom_1493408801687{margin-top: -60px !important;}&#8220; col_shadow=&#8220;box_shadow_enable:disable|shadow_horizontal:0|shadow_vertical:15|shadow_blur:50|shadow_spread:0|box_shadow_color:rgba(0%2C0%2C0%2C0.35)&#8220; col_shadow_hover=&#8220;box_shadow_enable:disable|shadow_horizontal:0|shadow_vertical:15|shadow_blur:50|shadow_spread:0|box_shadow_color:rgba(0%2C0%2C0%2C0.35)&#8220; responsive_styles=&#8220;margin_top_tablet:-40|margin_top_mobile:-40|padding_left_mobile:20|padding_right_mobile:20&#8243;][dfd_simple_advertisement img_width=&#8220;380&#8243;<\/p>\n","protected":false},"author":17,"featured_media":0,"parent":0,"menu_order":0,"comment_status":"closed","ping_status":"closed","template":"tmp-page.php","meta":{"footnotes":""},"_links":{"self":[{"href":"https:\/\/www.wohngroup.de\/heinrichsquartier\/wp-json\/wp\/v2\/pages\/27399"}],"collection":[{"href":"https:\/\/www.wohngroup.de\/heinrichsquartier\/wp-json\/wp\/v2\/pages"}],"about":[{"href":"https:\/\/www.wohngroup.de\/heinrichsquartier\/wp-json\/wp\/v2\/types\/page"}],"author":[{"embeddable":true,"href":"https:\/\/www.wohngroup.de\/heinrichsquartier\/wp-json\/wp\/v2\/users\/17"}],"replies":[{"embeddable":true,"href":"https:\/\/www.wohngroup.de\/heinrichsquartier\/wp-json\/wp\/v2\/comments?post=27399"}],"version-history":[{"count":4,"href":"https:\/\/www.wohngroup.de\/heinrichsquartier\/wp-json\/wp\/v2\/pages\/27399\/revisions"}],"predecessor-version":[{"id":33549,"href":"https:\/\/www.wohngroup.de\/heinrichsquartier\/wp-json\/wp\/v2\/pages\/27399\/revisions\/33549"}],"wp:attachment":[{"href":"https:\/\/www.wohngroup.de\/heinrichsquartier\/wp-json\/wp\/v2\/media?parent=27399"}],"curies":[{"name":"wp","href":"https:\/\/api.w.org\/{rel}","templated":true}]}}