{"id":22005,"date":"2017-04-29T18:35:52","date_gmt":"2017-04-29T18:35:52","guid":{"rendered":"https:\/\/www.wohngroup.de\/heinrichsquartier\/?page_id=22005"},"modified":"2025-11-14T10:10:00","modified_gmt":"2025-11-14T10:10:00","slug":"das-quartier","status":"publish","type":"page","link":"https:\/\/www.wohngroup.de\/heinrichsquartier\/das-quartier\/","title":{"rendered":"Das Quartier"},"content":{"rendered":"<section class=\"wpb-content-wrapper\"><p>[vc_row bg_check=&#8220;row-background-dark&#8220; dfd_bg_style=&#8220;image&#8220; dfd_parallax_style=&#8220;dfd_vertical_parallax&#8220; dfd_bg_image_repeat=&#8220;no-repeat&#8220; dfd_bg_image_size=&#8220;initial&#8220; dfd_parallax_sense=&#8220;55&#8243;][vc_column dfd_column_responsive_enable=&#8220;dfd-column-responsive-enable&#8220; col_shadow=&#8220;box_shadow_enable:disable|shadow_horizontal:0|shadow_vertical:15|shadow_blur:50|shadow_spread:0|box_shadow_color:rgba(0%2C0%2C0%2C0.35)&#8220; col_shadow_hover=&#8220;box_shadow_enable:disable|shadow_horizontal:0|shadow_vertical:15|shadow_blur:50|shadow_spread:0|box_shadow_color:rgba(0%2C0%2C0%2C0.35)&#8220; responsive_styles=&#8220;padding_left_mobile:20|padding_right_mobile:20&#8243;][rev_slider_vc alias=&#8220;das-quartier-1&#8243;][\/vc_column][\/vc_row][vc_row dfd_bg_style=&#8220;animated&#8220; dfd_row_responsive_enable=&#8220;dfd-row-responsive-enable&#8220; responsive_styles=&#8220;padding_left_desktop:10|padding_right_desktop:10|padding_left_tablet:10|padding_right_tablet:10&#8243; dfd_bg_colors=&#8220;%5B%7B%22dfd_bg_single_color%22%3A%22%23ffffff%22%7D%5D&#8220;][vc_column width=&#8220;1\/2&#8243; mobile_column_bg_position=&#8220;Links Unten&#8220; dfd_column_responsive_enable=&#8220;dfd-column-responsive-enable&#8220; col_shadow=&#8220;box_shadow_enable:disable|shadow_horizontal:0|shadow_vertical:15|shadow_blur:50|shadow_spread:0|box_shadow_color:rgba(0%2C0%2C0%2C0.35)&#8220; col_shadow_hover=&#8220;box_shadow_enable:disable|shadow_horizontal:0|shadow_vertical:15|shadow_blur:50|shadow_spread:0|box_shadow_color:rgba(0%2C0%2C0%2C0.35)&#8220; responsive_styles=&#8220;margin_top_tablet:-40|margin_top_mobile:-40|padding_left_mobile:20|padding_right_mobile:20&#8243; css=&#8220;.vc_custom_1497007624166{padding-top: 5% !important;}&#8220;][dfd_spacer screen_wide_spacer_size=&#8220;&#8220; screen_normal_resolution=&#8220;1280&#8243; screen_tablet_resolution=&#8220;1024&#8243; screen_mobile_resolution=&#8220;800&#8243; screen_mobile_spacer_size=&#8220;25&#8243;][dfd_simple_image_gallery dfd_layer_image=&#8220;33208,33209,33207,34496,33130,31814,31659,30596&#8243; items_offset=&#8220;10&#8243; image_width=&#8220;900&#8243; image_height=&#8220;600&#8243; isotope_columns=&#8220;2&#8243; images_style=&#8220;fitRows&#8220;][\/vc_column][vc_column width=&#8220;1\/2&#8243; dfd_column_responsive_enable=&#8220;dfd-column-responsive-enable&#8220; css=&#8220;.vc_custom_1493488110204{margin-top: 5% !important;padding-right: 5% !important;padding-left: 5% !important;}&#8220; col_shadow=&#8220;box_shadow_enable:disable|shadow_horizontal:0|shadow_vertical:15|shadow_blur:50|shadow_spread:0|box_shadow_color:rgba(0%2C0%2C0%2C0.35)&#8220; col_shadow_hover=&#8220;box_shadow_enable:disable|shadow_horizontal:0|shadow_vertical:15|shadow_blur:50|shadow_spread:0|box_shadow_color:rgba(0%2C0%2C0%2C0.35)&#8220; responsive_styles=&#8220;margin_top_tablet:-40|margin_top_mobile:0|padding_left_mobile:20|padding_right_mobile:20&#8243;][dfd_spacer screen_wide_spacer_size=&#8220;&#8220; screen_normal_resolution=&#8220;1280&#8243; screen_tablet_resolution=&#8220;1024&#8243; screen_mobile_resolution=&#8220;800&#8243; screen_mobile_spacer_size=&#8220;25&#8243;][vc_column_text]<\/p>\n<h2><b>SYMPATHISCH WOHNLICH\u00a0<\/b><\/h2>\n<p>[\/vc_column_text][dfd_spacer units=&#8220;%&#8220; screen_wide_spacer_size=&#8220;5&#8243; screen_normal_resolution=&#8220;1280&#8243; screen_tablet_resolution=&#8220;1024&#8243; screen_mobile_resolution=&#8220;800&#8243; screen_mobile_spacer_size=&#8220;6&#8243; screen_normal_spacer_size=&#8220;5&#8243; screen_tablet_spacer_size=&#8220;5&#8243;][vc_column_text]Das HEINRICHSQUARTIER in zentraler Lage und doch ruhig gelegen bietet in gr\u00fcnem Umfeld Wohnungen f\u00fcr jede Lebensphase.<\/p>\n<p>Wohnungen im Reihenhausstil bieten Einfamilienhausfeeling auf zwei Wohnetagen mit Terrassen-Garten. Alternativ sind sechs Doppelh\u00e4user mit 117 bzw. 135 m\u00b2 Wohnfl\u00e4che und Garten plus Garage\/Stellplatz am Haus bestens f\u00fcr Familien geeignet.<\/p>\n<p>Praktisch-moderne Grundrisse sind in den 4- bzw. 5-geschossigen H\u00e4usern mit komfortablen Wohnungen zu finden, die je nach Typ \u00fcber Balkon, Dachterrasse oder im Erdgeschoss \u00fcber gro\u00dfz\u00fcgige Terrasse mit eigenem Garten verf\u00fcgen. Ein Aufzug in jede Wohnetage sowie Tiefgaragen z\u00e4hlen ebenfalls zum Wohnkomfort.<\/p>\n<p>Einzigartig ist der quartierseigene <a href=\"https:\/\/www.wohngroup.de\/heinrichsquartier\/der-gemeinschaftsgarten\/\" target=\"_blank\" rel=\"noopener noreferrer\">Gemeinschaftsgarten<\/a>, der allen Bewohnern als zentraler Treffpunkt und zum gemeinsamen G\u00e4rtnern offensteht.<\/p>\n<p>Mit energieeffizienter Bauweise und der Ausstattung mit Photovoltaikanlage im Wohngeb\u00e4ude des altersgerechten Wohnens und W\u00e4rmepumpe im \u00c4rztehaus geht die WOHNGROUP konsequent den Weg Richtung Nachhaltigkeit.[\/vc_column_text][\/vc_column][\/vc_row][vc_row dfd_bg_style=&#8220;image&#8220; dfd_bg_image_new=&#8220;22153&#8243; dfd_bg_image_repeat=&#8220;no-repeat&#8220; dfd_bg_img_attach=&#8220;fixed&#8220; dfd_row_responsive_enable=&#8220;dfd-row-responsive-enable&#8220; css=&#8220;.vc_custom_1581615020728{padding-top: 5% !important;padding-bottom: 5% !important;}&#8220;][vc_column width=&#8220;1\/2&#8243; dfd_column_responsive_enable=&#8220;dfd-column-responsive-enable&#8220; css=&#8220;.vc_custom_1581613900582{padding-right: 1% !important;padding-left: 1% !important;}&#8220; col_shadow=&#8220;box_shadow_enable:disable|shadow_horizontal:0|shadow_vertical:15|shadow_blur:50|shadow_spread:0|box_shadow_color:rgba(0%2C0%2C0%2C0.35)&#8220; col_shadow_hover=&#8220;box_shadow_enable:disable|shadow_horizontal:0|shadow_vertical:15|shadow_blur:50|shadow_spread:0|box_shadow_color:rgba(0%2C0%2C0%2C0.35)&#8220; responsive_styles=&#8220;margin_top_tablet:-40|margin_top_mobile:0|padding_left_mobile:1|padding_right_mobile:1&#8243;][dfd_simple_advertisement style=&#8220;style-4&#8243; img_width=&#8220;500&#8243; img_height=&#8220;375&#8243; title=&#8220;2 &#8211; 3 Zimmer | 43 &#8211; 81 m\u00b2 Wfl.<br \/>\nBalkon\/Terrasse | Aufzug&#8220; subtitle=&#8220;ALTERSGERECHTES SERVICE-WOHNEN&#8220; info=&#8220;&#8220; shadow=&#8220;permanent&#8220; sa_box_shadow=&#8220;box_shadow_enable:enable|shadow_horizontal:0|shadow_vertical:50|shadow_blur:100|shadow_spread:0|box_shadow_color:rgba(85%2C85%2C85%2C0.8)&#8220; image_effect=&#8220;panr&#8220; portfolio_hover_mask_background_opacity=&#8220;0&#8243; custom_fonts_title=&#8220;font_family:Roboto%20Condensed%3A300%2C300italic%2Cregular%2Citalic%2C700%2C700italic|font_style:300%20light%20regular%3A300%3Anormal&#8220; info_text_transform=&#8220;lowercase&#8220; custom_fonts_info=&#8220;font_family:Roboto%20Condensed%3A300%2C300italic%2Cregular%2Citalic%2C700%2C700italic&#8220; title_font_options=&#8220;tag:div|font_size:16|color:%234f4b49|line_height:16|letter_spacing:0&#8243; subtitle_font_options=&#8220;tag:div|font_size:18|color:rgba(255%2C255%2C255%2C0.49)|line_height:20|letter_spacing:0&#8243; info_font_options=&#8220;tag:div|font_size:14|color:%23638d23&#8243; portfolio_hover_enable=&#8220;on&#8220; portfolio_hover_mask_background=&#8220;rgba(255,255,255,0.01)&#8220; use_google_fonts_subtitle=&#8220;show&#8220; custom_fonts_subtitle=&#8220;font_family:Roboto%20Condensed%3A300%2C300italic%2Cregular%2Citalic%2C700%2C700italic&#8220; use_google_fonts_title=&#8220;show&#8220; info_block_background_color=&#8220;#638d23&#8243; image=&#8220;40081&#8243; link=&#8220;url:https%3A%2F%2Fwww.wohngroup.de%2Fheinrichsquartier%2Faltersgerechte-wohnungen-heinrichsquartier%2F|title:Altersgerechte%20Wohnungen%20|target:_blank&#8220; tutorials=&#8220;&#8220;][dfd_spacer screen_wide_spacer_size=&#8220;10&#8243; screen_normal_resolution=&#8220;1024&#8243; screen_tablet_resolution=&#8220;800&#8243; screen_mobile_resolution=&#8220;480&#8243;][\/vc_column][vc_column width=&#8220;1\/2&#8243; dfd_column_responsive_enable=&#8220;dfd-column-responsive-enable&#8220; col_shadow=&#8220;box_shadow_enable:disable|shadow_horizontal:0|shadow_vertical:15|shadow_blur:50|shadow_spread:0|box_shadow_color:rgba(0%2C0%2C0%2C0.35)&#8220; col_shadow_hover=&#8220;box_shadow_enable:disable|shadow_horizontal:0|shadow_vertical:15|shadow_blur:50|shadow_spread:0|box_shadow_color:rgba(0%2C0%2C0%2C0.35)&#8220; responsive_styles=&#8220;padding_left_desktop:10|padding_right_desktop:10|margin_top_tablet:-40|padding_left_tablet:10|padding_right_tablet:10|padding_left_mobile:10|padding_right_mobile:10&#8243;][dfd_simple_advertisement img_width=&#8220;500&#8243; img_height=&#8220;375&#8243; title=&#8220;205 m\u00b2 im Erdgeschoss<br \/>\nAufzug | Stellpl\u00e4tze | TG&#8220; subtitle=&#8220;PRAXIS | GESUNDHEITSNAHE DIENSTLEISTER&#8220; info=&#8220;&#8220; shadow=&#8220;permanent&#8220; sa_box_shadow=&#8220;box_shadow_enable:enable|shadow_horizontal:0|shadow_vertical:50|shadow_blur:100|shadow_spread:0|box_shadow_color:rgba(85%2C85%2C85%2C0.8)&#8220; image_effect=&#8220;panr&#8220; portfolio_hover_mask_background_opacity=&#8220;0&#8243; custom_fonts_title=&#8220;font_family:Roboto%20Condensed%3A300%2C300italic%2Cregular%2Citalic%2C700%2C700italic|font_style:400%20regular%3A400%3Anormal&#8220; info_text_transform=&#8220;lowercase&#8220; custom_fonts_info=&#8220;font_family:Roboto%20Condensed%3A300%2C300italic%2Cregular%2Citalic%2C700%2C700italic&#8220; title_font_options=&#8220;tag:div|font_size:15|color:%234f4b49|line_height:17|letter_spacing:0&#8243; subtitle_font_options=&#8220;tag:div|font_size:18|color:%23ffffff|line_height:20|letter_spacing:0&#8243; info_font_options=&#8220;tag:div|font_size:14|color:%23638d23&#8243; portfolio_hover_enable=&#8220;on&#8220; portfolio_hover_mask_background=&#8220;rgba(255,255,255,0.01)&#8220; use_google_fonts_subtitle=&#8220;show&#8220; custom_fonts_subtitle=&#8220;font_family:Roboto%20Condensed%3A300%2C300italic%2Cregular%2Citalic%2C700%2C700italic&#8220; use_google_fonts_title=&#8220;show&#8220; info_block_background_color=&#8220;#ffffff&#8220; image=&#8220;40080&#8243; link=&#8220;url:https%3A%2F%2Fwww.wohngroup.de%2Fheinrichsquartier%2Faerztehaus-gera%2F|target:_blank&#8220; tutorials=&#8220;&#8220;][dfd_spacer screen_wide_spacer_size=&#8220;10&#8243; screen_normal_resolution=&#8220;1024&#8243; screen_tablet_resolution=&#8220;800&#8243; screen_mobile_resolution=&#8220;480&#8243;][\/vc_column][\/vc_row]<\/p>\n<\/section>","protected":false},"excerpt":{"rendered":"<p>[vc_row bg_check=&#8220;row-background-dark&#8220; dfd_bg_style=&#8220;image&#8220; dfd_parallax_style=&#8220;dfd_vertical_parallax&#8220; dfd_bg_image_repeat=&#8220;no-repeat&#8220; dfd_bg_image_size=&#8220;initial&#8220; dfd_parallax_sense=&#8220;55&#8243;][vc_column dfd_column_responsive_enable=&#8220;dfd-column-responsive-enable&#8220; col_shadow=&#8220;box_shadow_enable:disable|shadow_horizontal:0|shadow_vertical:15|shadow_blur:50|shadow_spread:0|box_shadow_color:rgba(0%2C0%2C0%2C0.35)&#8220; col_shadow_hover=&#8220;box_shadow_enable:disable|shadow_horizontal:0|shadow_vertical:15|shadow_blur:50|shadow_spread:0|box_shadow_color:rgba(0%2C0%2C0%2C0.35)&#8220; responsive_styles=&#8220;padding_left_mobile:20|padding_right_mobile:20&#8243;][rev_slider_vc alias=&#8220;das-quartier-1&#8243;][\/vc_column][\/vc_row][vc_row dfd_bg_style=&#8220;animated&#8220; dfd_row_responsive_enable=&#8220;dfd-row-responsive-enable&#8220; responsive_styles=&#8220;padding_left_desktop:10|padding_right_desktop:10|padding_left_tablet:10|padding_right_tablet:10&#8243; dfd_bg_colors=&#8220;%5B%7B%22dfd_bg_single_color%22%3A%22%23ffffff%22%7D%5D&#8220;][vc_column width=&#8220;1\/2&#8243; mobile_column_bg_position=&#8220;Links Unten&#8220; dfd_column_responsive_enable=&#8220;dfd-column-responsive-enable&#8220; col_shadow=&#8220;box_shadow_enable:disable|shadow_horizontal:0|shadow_vertical:15|shadow_blur:50|shadow_spread:0|box_shadow_color:rgba(0%2C0%2C0%2C0.35)&#8220; col_shadow_hover=&#8220;box_shadow_enable:disable|shadow_horizontal:0|shadow_vertical:15|shadow_blur:50|shadow_spread:0|box_shadow_color:rgba(0%2C0%2C0%2C0.35)&#8220; responsive_styles=&#8220;margin_top_tablet:-40|margin_top_mobile:-40|padding_left_mobile:20|padding_right_mobile:20&#8243; css=&#8220;.vc_custom_1497007624166{padding-top: 5% !important;}&#8220;][dfd_spacer screen_wide_spacer_size=&#8220;&#8220; screen_normal_resolution=&#8220;1280&#8243; screen_tablet_resolution=&#8220;1024&#8243; screen_mobile_resolution=&#8220;800&#8243;<\/p>\n","protected":false},"author":19,"featured_media":0,"parent":0,"menu_order":0,"comment_status":"closed","ping_status":"closed","template":"tmp-page.php","meta":{"footnotes":""},"_links":{"self":[{"href":"https:\/\/www.wohngroup.de\/heinrichsquartier\/wp-json\/wp\/v2\/pages\/22005"}],"collection":[{"href":"https:\/\/www.wohngroup.de\/heinrichsquartier\/wp-json\/wp\/v2\/pages"}],"about":[{"href":"https:\/\/www.wohngroup.de\/heinrichsquartier\/wp-json\/wp\/v2\/types\/page"}],"author":[{"embeddable":true,"href":"https:\/\/www.wohngroup.de\/heinrichsquartier\/wp-json\/wp\/v2\/users\/19"}],"replies":[{"embeddable":true,"href":"https:\/\/www.wohngroup.de\/heinrichsquartier\/wp-json\/wp\/v2\/comments?post=22005"}],"version-history":[{"count":165,"href":"https:\/\/www.wohngroup.de\/heinrichsquartier\/wp-json\/wp\/v2\/pages\/22005\/revisions"}],"predecessor-version":[{"id":40082,"href":"https:\/\/www.wohngroup.de\/heinrichsquartier\/wp-json\/wp\/v2\/pages\/22005\/revisions\/40082"}],"wp:attachment":[{"href":"https:\/\/www.wohngroup.de\/heinrichsquartier\/wp-json\/wp\/v2\/media?parent=22005"}],"curies":[{"name":"wp","href":"https:\/\/api.w.org\/{rel}","templated":true}]}}